{"id":7284,"date":"2023-01-24T13:39:37","date_gmt":"2023-01-24T12:39:37","guid":{"rendered":"https:\/\/interzero.si\/the-interzero-slovenia-team\/"},"modified":"2025-08-14T15:32:05","modified_gmt":"2025-08-14T13:32:05","slug":"the-interzero-slovenia-team","status":"publish","type":"page","link":"https:\/\/interzero.si\/en\/about-us\/the-interzero-slovenia-team\/","title":{"rendered":"Interzero Slovenia team"},"content":{"rendered":"<div class=\"wpb-content-wrapper\"><p>[vc_row row_height_percent=&#8221;0&#8243; override_padding=&#8221;yes&#8221; h_padding=&#8221;2&#8243; top_padding=&#8221;3&#8243; bottom_padding=&#8221;2&#8243; overlay_alpha=&#8221;50&#8243; gutter_size=&#8221;3&#8243; column_width_percent=&#8221;100&#8243; shift_y=&#8221;0&#8243; z_index=&#8221;0&#8243; uncode_shortcode_id=&#8221;206156&#8243;][vc_column column_width_percent=&#8221;100&#8243; align_horizontal=&#8221;align_center&#8221; gutter_size=&#8221;3&#8243; overlay_alpha=&#8221;50&#8243; shift_x=&#8221;0&#8243; shift_y=&#8221;0&#8243; shift_y_down=&#8221;0&#8243; z_index=&#8221;0&#8243; medium_width=&#8221;0&#8243; mobile_width=&#8221;0&#8243; width=&#8221;1\/1&#8243; uncode_shortcode_id=&#8221;932988&#8243;][vc_custom_heading heading_semantic=&#8221;h1&#8243; text_size=&#8221;h1&#8243; uncode_shortcode_id=&#8221;581789&#8243;]<\/p>\n<h1>The Interzero team in Slovenia consists of individuals who share a positive attitude and a sense of responsibility towards customers and the environment.<\/h1>\n<p>[\/vc_custom_heading][vc_custom_heading uncode_shortcode_id=&#8221;129118&#8243;]<\/p>\n<h2 style=\"text-align: center\"><strong>MANAGEMENT<\/strong><\/h2>\n<p>[\/vc_custom_heading][\/vc_column][\/vc_row][vc_row][vc_column width=&#8221;1\/2&#8243;][vc_single_image media=&#8221;10057&#8243; media_width_percent=&#8221;75&#8243; alignment=&#8221;center&#8221; uncode_shortcode_id=&#8221;808794&#8243;][vc_column_text uncode_shortcode_id=&#8221;121891&#8243;]<\/p>\n<div class=\"contact-box__content__heading-wrapper\">\n<p style=\"text-align: center\"><strong>mag. Darja Figelj<\/strong><\/p>\n<p style=\"text-align: center\">Country manager<\/p>\n<p class=\"contact-box__subheading\" style=\"text-align: center\"><strong>E<\/strong>: <a href=\"mailto:darja.figelj@interzero.si\">darja.figelj@interzero.si<\/a><\/p>\n<p style=\"text-align: center\">\u00a0<strong>T<\/strong> +386 1 560 91 50<\/p>\n<div class=\"contact-box__content__heading-wrapper\"><\/div>\n<div class=\"contact-box__person\">\n<p>&nbsp;<\/p>\n<\/div>\n<\/div>\n<div class=\"contact-box__person\">\n<h5 class=\"contact-box__person__name\"><\/h5>\n<\/div>\n<p>[\/vc_column_text][\/vc_column][vc_column width=&#8221;1\/2&#8243;][\/vc_column][\/vc_row][vc_row][vc_column width=&#8221;1\/1&#8243;][vc_custom_heading uncode_shortcode_id=&#8221;122574&#8243;]<\/p>\n<h2 style=\"text-align: center\"><strong>SALES<\/strong><\/h2>\n<p>[\/vc_custom_heading][\/vc_column][\/vc_row][vc_row][vc_column width=&#8221;1\/3&#8243;][vc_single_image media=&#8221;10055&#8243; media_width_percent=&#8221;85&#8243; alignment=&#8221;center&#8221; uncode_shortcode_id=&#8221;174148&#8243;][vc_column_text uncode_shortcode_id=&#8221;905899&#8243;]<\/p>\n<p style=\"text-align: center\"><strong>Patricija Podgorelec<\/strong><\/p>\n<p style=\"text-align: center\">After sales consultant<\/p>\n<p style=\"text-align: center\"><strong>E<\/strong>: <a href=\"mailto:patricija.podgorelec@interzero.si\">patricija.podgorelec@interzero.si<\/a><\/p>\n<p style=\"text-align: center\"><strong>M<\/strong> +386 30 700 415)<\/p>\n<p>[\/vc_column_text][\/vc_column][vc_column width=&#8221;1\/3&#8243;][vc_single_image media=&#8221;7058&#8243; media_width_percent=&#8221;100&#8243; media_ratio=&#8221;five-four&#8221; alignment=&#8221;center&#8221; uncode_shortcode_id=&#8221;109166&#8243;][vc_empty_space empty_h=&#8221;1&#8243;][vc_column_text uncode_shortcode_id=&#8221;266772&#8243;]<\/p>\n<p style=\"text-align: center\"><strong>Tadej Klop\u010di\u010d<\/strong><\/p>\n<p style=\"text-align: center\">Head of EPR SEE sales team<\/p>\n<p style=\"text-align: center\"><strong>E<\/strong>: <a href=\"mailto:tadej.klopcic@interzero.si\">tadej.klopcic@interzero.si<\/a><\/p>\n<p style=\"text-align: center\"><strong>M<\/strong> +386 31 333 113<\/p>\n<p>[\/vc_column_text][\/vc_column][vc_column width=&#8221;1\/3&#8243;][vc_single_image media=&#8221;10946&#8243; media_width_percent=&#8221;80&#8243; alignment=&#8221;center&#8221; uncode_shortcode_id=&#8221;862911&#8243;][vc_empty_space empty_h=&#8221;1&#8243;][vc_column_text uncode_shortcode_id=&#8221;917144&#8243;]<\/p>\n<p style=\"text-align: center\"><strong>Matic Leben<\/strong><\/p>\n<p style=\"text-align: center\">Sales Development Specialist<\/p>\n<p style=\"text-align: center\"><strong>E <\/strong><u><a href=\"mailto:matic.leben@interzero.si\">matic.leben@interzero.si<\/a><\/u><\/p>\n<p style=\"text-align: center\"><strong>M<\/strong>\u00a0+386 30343790<\/p>\n<p>[\/vc_column_text][\/vc_column][\/vc_row][vc_row][vc_column width=&#8221;1\/1&#8243;][vc_custom_heading uncode_shortcode_id=&#8221;686782&#8243;]<\/p>\n<h2 style=\"text-align: center\"><strong>OPERATIONS AND RECYCLING<\/strong><\/h2>\n<p>[\/vc_custom_heading][\/vc_column][\/vc_row][vc_row][vc_column column_width_percent=&#8221;100&#8243; align_horizontal=&#8221;align_center&#8221; gutter_size=&#8221;3&#8243; overlay_alpha=&#8221;50&#8243; shift_x=&#8221;0&#8243; shift_y=&#8221;0&#8243; shift_y_down=&#8221;0&#8243; z_index=&#8221;0&#8243; medium_width=&#8221;0&#8243; mobile_width=&#8221;0&#8243; width=&#8221;1\/3&#8243; uncode_shortcode_id=&#8221;386725&#8243;][vc_single_image media=&#8221;10071&#8243; media_width_percent=&#8221;85&#8243; uncode_shortcode_id=&#8221;176290&#8243;][vc_column_text uncode_shortcode_id=&#8221;762850&#8243;]<\/p>\n<p style=\"text-align: center\"><strong>Tanja Kazi\u0107<\/strong><\/p>\n<p style=\"text-align: center\">Head of business development<\/p>\n<p style=\"text-align: center\"><strong>E<\/strong>: <a href=\"mailto:tanja.kazic@interzero.si\">tanja.kazic@interzero.si<\/a><\/p>\n<p style=\"text-align: center\"><strong>M:<\/strong> +386 30 422 750<\/p>\n<p>[\/vc_column_text][\/vc_column][vc_column column_width_percent=&#8221;100&#8243; align_horizontal=&#8221;align_center&#8221; gutter_size=&#8221;3&#8243; overlay_alpha=&#8221;50&#8243; shift_x=&#8221;0&#8243; shift_y=&#8221;0&#8243; shift_y_down=&#8221;0&#8243; z_index=&#8221;0&#8243; medium_width=&#8221;0&#8243; mobile_width=&#8221;0&#8243; width=&#8221;1\/3&#8243; uncode_shortcode_id=&#8221;831729&#8243;][vc_single_image media=&#8221;10061&#8243; media_width_percent=&#8221;85&#8243; uncode_shortcode_id=&#8221;314607&#8243;][vc_column_text uncode_shortcode_id=&#8221;108571&#8243;]<\/p>\n<p style=\"text-align: center\"><strong>Alenka Gruden Belavi\u010d<\/strong><\/p>\n<p style=\"text-align: center\">Head of Operations and Recycling<\/p>\n<p class=\"contact-box__subheading\" style=\"text-align: center\"><strong>E<\/strong>: <a href=\"mailto:alenka.gruden-belavic@interzero.si\">alenka.gruden-belavic@interzero.si<\/a><\/p>\n<p style=\"text-align: center\"><strong>M<\/strong>: +386 30 333 026<\/p>\n<div class=\"contact-box__content__heading-wrapper\"><\/div>\n<p>[\/vc_column_text][\/vc_column][vc_column column_width_percent=&#8221;100&#8243; align_horizontal=&#8221;align_center&#8221; gutter_size=&#8221;3&#8243; overlay_alpha=&#8221;50&#8243; shift_x=&#8221;0&#8243; shift_y=&#8221;0&#8243; shift_y_down=&#8221;0&#8243; z_index=&#8221;0&#8243; medium_width=&#8221;0&#8243; mobile_width=&#8221;0&#8243; width=&#8221;1\/3&#8243; uncode_shortcode_id=&#8221;972989&#8243;][vc_single_image media=&#8221;10067&#8243; media_width_percent=&#8221;85&#8243; uncode_shortcode_id=&#8221;193177&#8243;][vc_column_text uncode_shortcode_id=&#8221;185981&#8243;]<\/p>\n<p style=\"text-align: center\"><strong>Danijela Palamar<\/strong><\/p>\n<p style=\"text-align: center\">Operations analyst<\/p>\n<p style=\"text-align: center\"><strong>E<\/strong>: <a href=\"mailto:danijela.palamar@interzero.si\">danijela.palamar@interzero.si<\/a><\/p>\n<p style=\"text-align: center\"><strong>M<\/strong> +386 30 611 115<\/p>\n<p>[\/vc_column_text][\/vc_column][\/vc_row][vc_row][vc_column width=&#8221;1\/3&#8243;][vc_single_image media=&#8221;7063&#8243; media_width_percent=&#8221;100&#8243; alignment=&#8221;center&#8221; uncode_shortcode_id=&#8221;276623&#8243;][vc_column_text uncode_shortcode_id=&#8221;110870&#8243;]<\/p>\n<p style=\"text-align: center\"><strong>Klemen Humer<\/strong><\/p>\n<p style=\"text-align: center\">RSI Technical Expert<\/p>\n<p style=\"text-align: center\"><strong>E<\/strong>: <a href=\"mailto:klemen.humer@interzero.si\">klemen.humer@interzero.si<\/a><\/p>\n<p style=\"text-align: center\"><strong>M:<\/strong> +386 30 608 992<\/p>\n<p>[\/vc_column_text][\/vc_column][vc_column width=&#8221;1\/3&#8243;][vc_single_image media=&#8221;7062&#8243; media_width_percent=&#8221;100&#8243; uncode_shortcode_id=&#8221;103365&#8243;][vc_column_text uncode_shortcode_id=&#8221;156756&#8243;]<\/p>\n<div class=\"contact-box__content__heading-wrapper\">\n<p style=\"text-align: center\"><strong>Danica Novak<\/strong><\/p>\n<p style=\"text-align: center\">Operations Specialist<\/p>\n<p class=\"contact-box__subheading\" style=\"text-align: center\"><strong>E<\/strong>: <a href=\"mailto:danica.novak@interzero.si\">danica.novak@interzero.si<\/a><\/p>\n<p style=\"text-align: center\"><strong>M<\/strong>: +386 30 464 332<\/p>\n<div class=\"contact-box__content__heading-wrapper\"><\/div>\n<div class=\"contact-box__person\">\n<p>&nbsp;<\/p>\n<\/div>\n<\/div>\n<div class=\"contact-box__person\">\n<h5 class=\"contact-box__person__name\"><\/h5>\n<\/div>\n<p>[\/vc_column_text][\/vc_column][vc_column width=&#8221;1\/3&#8243;][\/vc_column][\/vc_row][vc_row][vc_column width=&#8221;1\/1&#8243;][vc_custom_heading uncode_shortcode_id=&#8221;189715&#8243;]<\/p>\n<h2 style=\"text-align: center\"><strong>FINANCE<\/strong><\/h2>\n<p>[\/vc_custom_heading][\/vc_column][\/vc_row][vc_row][vc_column width=&#8221;1\/3&#8243;][vc_single_image media=&#8221;7055&#8243; media_width_percent=&#8221;100&#8243; uncode_shortcode_id=&#8221;152607&#8243;][vc_column_text uncode_shortcode_id=&#8221;748391&#8243;]<\/p>\n<p style=\"text-align: center\"><strong>Mojca Ma\u010dek<\/strong><\/p>\n<p style=\"text-align: center\">Professional associate in accounting and controlling<\/p>\n<p style=\"text-align: center\"><strong>E<\/strong>: <a href=\"mailto:mojca.macek@interzero.si\">mojca.macek@interzero.si<\/a><\/p>\n<p style=\"text-align: center\"><strong>T:<\/strong> +386 1 560 92 01<\/p>\n<p>[\/vc_column_text][\/vc_column][vc_column width=&#8221;1\/3&#8243;][vc_single_image media=&#8221;7059&#8243; media_width_percent=&#8221;100&#8243; uncode_shortcode_id=&#8221;203577&#8243;][vc_column_text uncode_shortcode_id=&#8221;193309&#8243;]<\/p>\n<div class=\"contact-box__content__heading-wrapper\">\n<p style=\"text-align: center\"><strong>Tamara Milovanovi\u0107<\/strong><\/p>\n<p style=\"text-align: center\">Human Resources and Accounting assistant<\/p>\n<p class=\"contact-box__subheading\" style=\"text-align: center\"><strong>E<\/strong>: <a href=\"mailto:tamara.milovanovic@interzero.si\">tamara.milovanovic@interzero.si<\/a><\/p>\n<p style=\"text-align: center\"><strong>T<\/strong>: +386 1 560 91 52<\/p>\n<div class=\"contact-box__content__heading-wrapper\"><\/div>\n<div class=\"contact-box__person\">\n<p>&nbsp;<\/p>\n<\/div>\n<\/div>\n<div class=\"contact-box__person\">\n<h5 class=\"contact-box__person__name\"><\/h5>\n<\/div>\n<p>[\/vc_column_text][\/vc_column][vc_column width=&#8221;1\/3&#8243;][vc_single_image media=&#8221;7064&#8243; media_width_percent=&#8221;100&#8243; uncode_shortcode_id=&#8221;762468&#8243;][vc_column_text uncode_shortcode_id=&#8221;246568&#8243;]<\/p>\n<p style=\"text-align: center\"><strong>Marko Lileg<\/strong><\/p>\n<p style=\"text-align: center\">Digital support specialist<\/p>\n<p style=\"text-align: center\"><strong>E<\/strong>: <a href=\"mailto:marko.lileg@interzero.si\">marko.lileg@interzero.si<\/a><\/p>\n<p style=\"text-align: center\"><strong>T<\/strong>: +386 1 560 91 59<\/p>\n<p>[\/vc_column_text][\/vc_column][\/vc_row][vc_row][vc_column width=&#8221;1\/1&#8243;][vc_custom_heading uncode_shortcode_id=&#8221;479708&#8243;]<\/p>\n<h2 style=\"text-align: center\"><strong>TRADING<\/strong><\/h2>\n<p>[\/vc_custom_heading][\/vc_column][\/vc_row][vc_row][vc_column width=&#8221;1\/4&#8243;][vc_single_image media=&#8221;7065&#8243; media_width_percent=&#8221;100&#8243; uncode_shortcode_id=&#8221;136987&#8243;][vc_column_text uncode_shortcode_id=&#8221;116378&#8243;]<\/p>\n<p style=\"text-align: center\"><strong>Andra\u017e Drobe\u017e<\/strong><\/p>\n<p style=\"text-align: center\">Head of trading<\/p>\n<p style=\"text-align: center\"><strong>E<\/strong>: <a href=\"mailto:andraz.drobez@interzero.si\">andraz.drobez@interzero.si<\/a><\/p>\n<p style=\"text-align: center\"><strong>M:<\/strong> +386 41 626 056<\/p>\n<p>[\/vc_column_text][\/vc_column][vc_column width=&#8221;1\/4&#8243;][vc_single_image media=&#8221;10703&#8243; media_width_percent=&#8221;100&#8243; uncode_shortcode_id=&#8221;843281&#8243;][vc_column_text uncode_shortcode_id=&#8221;139539&#8243;]<\/p>\n<p style=\"text-align: center\"><strong>Slavi\u0161a Koj\u010dinovi\u0107<\/strong><\/p>\n<p style=\"text-align: center\">Trading and commercial specialist<\/p>\n<p style=\"text-align: center\"><strong>E<\/strong>: <a href=\"slavisa.kojcinovic@interzero.si\">slavisa.kojcinovic@interzero.si<\/a><\/p>\n<p style=\"text-align: center\"><strong>M:<\/strong> +386 30 427 800<\/p>\n<p>[\/vc_column_text][\/vc_column][vc_column width=&#8221;1\/4&#8243;][vc_single_image media=&#8221;7060&#8243; media_width_percent=&#8221;100&#8243; uncode_shortcode_id=&#8221;435080&#8243;][vc_column_text uncode_shortcode_id=&#8221;118236&#8243;]<\/p>\n<p style=\"text-align: center\"><strong>Tja\u0161a Jude\u017e<\/strong><\/p>\n<p style=\"text-align: center\">Trading coordinator<\/p>\n<p style=\"text-align: center\"><strong>E<\/strong>: <a href=\"mailto:tjasa.judez@interzero.si\">tjasa.judez@interzero.si<\/a><\/p>\n<p style=\"text-align: center\"><b><strong>M:<\/strong><\/b>+386 30 333 023<\/p>\n<p>[\/vc_column_text][\/vc_column][vc_column width=&#8221;1\/4&#8243;][vc_single_image media=&#8221;10716&#8243; media_width_percent=&#8221;100&#8243; uncode_shortcode_id=&#8221;138017&#8243;][vc_column_text uncode_shortcode_id=&#8221;151955&#8243;]<\/p>\n<p style=\"text-align: center\"><strong>Ana \u0160velc<\/strong><\/p>\n<p style=\"text-align: center\">Trading commercialist<\/p>\n<p style=\"text-align: center\"><strong>E<\/strong>: <a href=\"mailto:ana.svelc@interzero.si\">ana.svelc@interzero.si<\/a><\/p>\n<p style=\"text-align: center\"><b><strong>M:<\/strong><\/b>+386 30 686 660<\/p>\n<p>[\/vc_column_text][\/vc_column][\/vc_row][vc_row row_height_percent=&#8221;0&#8243; back_color=&#8221;color-870240&#8243; overlay_alpha=&#8221;50&#8243; gutter_size=&#8221;3&#8243; column_width_percent=&#8221;100&#8243; shift_y=&#8221;0&#8243; z_index=&#8221;0&#8243; uncode_shortcode_id=&#8221;617554&#8243; back_color_type=&#8221;uncode-palette&#8221;][vc_column width=&#8221;1\/1&#8243;][vc_custom_heading text_color=&#8221;color-263416&#8243; uncode_shortcode_id=&#8221;107099&#8243; text_color_type=&#8221;uncode-palette&#8221;]<\/p>\n<h2><\/h2>\n<h3 style=\"text-align: center\"><strong>Are you interested in sustainability and want to make your mark in creating a world without waste?<\/strong><\/h3>\n<h3 style=\"text-align: center\"><strong>Join our team! Write to us at <\/strong><strong><a href=\"mailto:kariera@interzero.si\">kariera@interzero.si<\/a><\/strong><\/h3>\n<p>[\/vc_custom_heading][\/vc_column][\/vc_row]<\/p>\n<\/div>","protected":false},"excerpt":{"rendered":"<p>[vc_row row_height_percent=&#8221;0&#8243; override_padding=&#8221;yes&#8221; h_padding=&#8221;2&#8243; top_padding=&#8221;3&#8243; bottom_padding=&#8221;2&#8243; overlay_alpha=&#8221;50&#8243; gutter_size=&#8221;3&#8243; column_width_percent=&#8221;100&#8243; shift_y=&#8221;0&#8243; z_index=&#8221;0&#8243; uncode_shortcode_id=&#8221;206156&#8243;][vc_column column_width_percent=&#8221;100&#8243; align_horizontal=&#8221;align_center&#8221; gutter_size=&#8221;3&#8243; overlay_alpha=&#8221;50&#8243; shift_x=&#8221;0&#8243; shift_y=&#8221;0&#8243; shift_y_down=&#8221;0&#8243; z_index=&#8221;0&#8243; [&hellip;]<\/p>\n","protected":false},"author":84,"featured_media":6456,"parent":7359,"menu_order":0,"comment_status":"closed","ping_status":"closed","template":"","meta":{"_acf_changed":false,"inline_featured_image":false,"footnotes":""},"wf_page_folders":[73],"class_list":["post-7284","page","type-page","status-publish","has-post-thumbnail","hentry","page_category-slovenia-en"],"acf":[],"yoast_head":"<!-- This site is optimized with the Yoast SEO plugin v26.4 - https:\/\/yoast.com\/wordpress\/plugins\/seo\/ -->\n<title>Interzero Slovenia team - Interzero Slovenia<\/title>\n<meta name=\"description\" content=\"The Interzero team in Slovenia are individuals who share common values - positive attitude and responsibility towards their clients and the environment.\" \/>\n<meta name=\"robots\" content=\"index, follow, max-snippet:-1, max-image-preview:large, max-video-preview:-1\" \/>\n<link rel=\"canonical\" href=\"https:\/\/interzero.si\/en\/about-us\/the-interzero-slovenia-team\/\" \/>\n<meta property=\"og:locale\" content=\"en_US\" \/>\n<meta property=\"og:type\" content=\"article\" \/>\n<meta property=\"og:title\" content=\"Interzero Slovenia team - Interzero Slovenia\" \/>\n<meta property=\"og:description\" content=\"The Interzero team in Slovenia are individuals who share common values - positive attitude and responsibility towards their clients and the environment.\" \/>\n<meta property=\"og:url\" content=\"https:\/\/interzero.si\/en\/about-us\/the-interzero-slovenia-team\/\" \/>\n<meta property=\"og:site_name\" content=\"Interzero Slovenia\" \/>\n<meta property=\"article:modified_time\" content=\"2025-08-14T13:32:05+00:00\" \/>\n<meta property=\"og:image\" content=\"https:\/\/interzero.si\/wp-content\/uploads\/sites\/13\/2022\/10\/interzero-nachhalti-2022_1870x555.jpg\" \/>\n\t<meta property=\"og:image:width\" content=\"1870\" \/>\n\t<meta property=\"og:image:height\" content=\"555\" \/>\n\t<meta property=\"og:image:type\" content=\"image\/jpeg\" \/>\n<meta name=\"twitter:card\" content=\"summary_large_image\" \/>\n<meta name=\"twitter:label1\" content=\"Est. reading time\" \/>\n\t<meta name=\"twitter:data1\" content=\"3 minutes\" \/>\n<script type=\"application\/ld+json\" class=\"yoast-schema-graph\">{\"@context\":\"https:\/\/schema.org\",\"@graph\":[{\"@type\":\"WebPage\",\"@id\":\"https:\/\/interzero.si\/en\/about-us\/the-interzero-slovenia-team\/\",\"url\":\"https:\/\/interzero.si\/en\/about-us\/the-interzero-slovenia-team\/\",\"name\":\"Interzero Slovenia team - Interzero Slovenia\",\"isPartOf\":{\"@id\":\"https:\/\/interzero.si\/en\/#website\"},\"primaryImageOfPage\":{\"@id\":\"https:\/\/interzero.si\/en\/about-us\/the-interzero-slovenia-team\/#primaryimage\"},\"image\":{\"@id\":\"https:\/\/interzero.si\/en\/about-us\/the-interzero-slovenia-team\/#primaryimage\"},\"thumbnailUrl\":\"https:\/\/interzero.si\/wp-content\/uploads\/sites\/13\/2022\/10\/interzero-nachhalti-2022_1870x555.jpg\",\"datePublished\":\"2023-01-24T12:39:37+00:00\",\"dateModified\":\"2025-08-14T13:32:05+00:00\",\"description\":\"The Interzero team in Slovenia are individuals who share common values - positive attitude and responsibility towards their clients and the environment.\",\"breadcrumb\":{\"@id\":\"https:\/\/interzero.si\/en\/about-us\/the-interzero-slovenia-team\/#breadcrumb\"},\"inLanguage\":\"en-US\",\"potentialAction\":[{\"@type\":\"ReadAction\",\"target\":[\"https:\/\/interzero.si\/en\/about-us\/the-interzero-slovenia-team\/\"]}]},{\"@type\":\"ImageObject\",\"inLanguage\":\"en-US\",\"@id\":\"https:\/\/interzero.si\/en\/about-us\/the-interzero-slovenia-team\/#primaryimage\",\"url\":\"https:\/\/interzero.si\/wp-content\/uploads\/sites\/13\/2022\/10\/interzero-nachhalti-2022_1870x555.jpg\",\"contentUrl\":\"https:\/\/interzero.si\/wp-content\/uploads\/sites\/13\/2022\/10\/interzero-nachhalti-2022_1870x555.jpg\",\"width\":1870,\"height\":555},{\"@type\":\"BreadcrumbList\",\"@id\":\"https:\/\/interzero.si\/en\/about-us\/the-interzero-slovenia-team\/#breadcrumb\",\"itemListElement\":[{\"@type\":\"ListItem\",\"position\":1,\"name\":\"Home\",\"item\":\"https:\/\/interzero.si\/en\/\"},{\"@type\":\"ListItem\",\"position\":2,\"name\":\"About us\",\"item\":\"https:\/\/interzero.si\/en\/about-the-company\/about-us\/\"},{\"@type\":\"ListItem\",\"position\":3,\"name\":\"Interzero Slovenia team\"}]},{\"@type\":\"WebSite\",\"@id\":\"https:\/\/interzero.si\/en\/#website\",\"url\":\"https:\/\/interzero.si\/en\/\",\"name\":\"Interzero Slovenija\",\"description\":\"Najbolj\u0161i partner za okoljske storitve\",\"publisher\":{\"@id\":\"https:\/\/interzero.si\/en\/#organization\"},\"potentialAction\":[{\"@type\":\"SearchAction\",\"target\":{\"@type\":\"EntryPoint\",\"urlTemplate\":\"https:\/\/interzero.si\/en\/?s={search_term_string}\"},\"query-input\":{\"@type\":\"PropertyValueSpecification\",\"valueRequired\":true,\"valueName\":\"search_term_string\"}}],\"inLanguage\":\"en-US\"},{\"@type\":\"Organization\",\"@id\":\"https:\/\/interzero.si\/en\/#organization\",\"name\":\"Interzero Slovenija\",\"url\":\"https:\/\/interzero.si\/en\/\",\"logo\":{\"@type\":\"ImageObject\",\"inLanguage\":\"en-US\",\"@id\":\"https:\/\/interzero.si\/en\/#\/schema\/logo\/image\/\",\"url\":\"https:\/\/interzero.si\/wp-content\/uploads\/sites\/13\/2024\/10\/Interzero.png\",\"contentUrl\":\"https:\/\/interzero.si\/wp-content\/uploads\/sites\/13\/2024\/10\/Interzero.png\",\"width\":1920,\"height\":1080,\"caption\":\"Interzero Slovenija\"},\"image\":{\"@id\":\"https:\/\/interzero.si\/en\/#\/schema\/logo\/image\/\"},\"sameAs\":[\"https:\/\/www.linkedin.com\/company\/interzero-slovenija\"]}]}<\/script>\n<!-- \/ Yoast SEO plugin. -->","yoast_head_json":{"title":"Interzero Slovenia team - Interzero Slovenia","description":"The Interzero team in Slovenia are individuals who share common values - positive attitude and responsibility towards their clients and the environment.","robots":{"index":"index","follow":"follow","max-snippet":"max-snippet:-1","max-image-preview":"max-image-preview:large","max-video-preview":"max-video-preview:-1"},"canonical":"https:\/\/interzero.si\/en\/about-us\/the-interzero-slovenia-team\/","og_locale":"en_US","og_type":"article","og_title":"Interzero Slovenia team - Interzero Slovenia","og_description":"The Interzero team in Slovenia are individuals who share common values - positive attitude and responsibility towards their clients and the environment.","og_url":"https:\/\/interzero.si\/en\/about-us\/the-interzero-slovenia-team\/","og_site_name":"Interzero Slovenia","article_modified_time":"2025-08-14T13:32:05+00:00","og_image":[{"width":1870,"height":555,"url":"https:\/\/interzero.si\/wp-content\/uploads\/sites\/13\/2022\/10\/interzero-nachhalti-2022_1870x555.jpg","type":"image\/jpeg"}],"twitter_card":"summary_large_image","twitter_misc":{"Est. reading time":"3 minutes"},"schema":{"@context":"https:\/\/schema.org","@graph":[{"@type":"WebPage","@id":"https:\/\/interzero.si\/en\/about-us\/the-interzero-slovenia-team\/","url":"https:\/\/interzero.si\/en\/about-us\/the-interzero-slovenia-team\/","name":"Interzero Slovenia team - Interzero Slovenia","isPartOf":{"@id":"https:\/\/interzero.si\/en\/#website"},"primaryImageOfPage":{"@id":"https:\/\/interzero.si\/en\/about-us\/the-interzero-slovenia-team\/#primaryimage"},"image":{"@id":"https:\/\/interzero.si\/en\/about-us\/the-interzero-slovenia-team\/#primaryimage"},"thumbnailUrl":"https:\/\/interzero.si\/wp-content\/uploads\/sites\/13\/2022\/10\/interzero-nachhalti-2022_1870x555.jpg","datePublished":"2023-01-24T12:39:37+00:00","dateModified":"2025-08-14T13:32:05+00:00","description":"The Interzero team in Slovenia are individuals who share common values - positive attitude and responsibility towards their clients and the environment.","breadcrumb":{"@id":"https:\/\/interzero.si\/en\/about-us\/the-interzero-slovenia-team\/#breadcrumb"},"inLanguage":"en-US","potentialAction":[{"@type":"ReadAction","target":["https:\/\/interzero.si\/en\/about-us\/the-interzero-slovenia-team\/"]}]},{"@type":"ImageObject","inLanguage":"en-US","@id":"https:\/\/interzero.si\/en\/about-us\/the-interzero-slovenia-team\/#primaryimage","url":"https:\/\/interzero.si\/wp-content\/uploads\/sites\/13\/2022\/10\/interzero-nachhalti-2022_1870x555.jpg","contentUrl":"https:\/\/interzero.si\/wp-content\/uploads\/sites\/13\/2022\/10\/interzero-nachhalti-2022_1870x555.jpg","width":1870,"height":555},{"@type":"BreadcrumbList","@id":"https:\/\/interzero.si\/en\/about-us\/the-interzero-slovenia-team\/#breadcrumb","itemListElement":[{"@type":"ListItem","position":1,"name":"Home","item":"https:\/\/interzero.si\/en\/"},{"@type":"ListItem","position":2,"name":"About us","item":"https:\/\/interzero.si\/en\/about-the-company\/about-us\/"},{"@type":"ListItem","position":3,"name":"Interzero Slovenia team"}]},{"@type":"WebSite","@id":"https:\/\/interzero.si\/en\/#website","url":"https:\/\/interzero.si\/en\/","name":"Interzero Slovenija","description":"Najbolj\u0161i partner za okoljske storitve","publisher":{"@id":"https:\/\/interzero.si\/en\/#organization"},"potentialAction":[{"@type":"SearchAction","target":{"@type":"EntryPoint","urlTemplate":"https:\/\/interzero.si\/en\/?s={search_term_string}"},"query-input":{"@type":"PropertyValueSpecification","valueRequired":true,"valueName":"search_term_string"}}],"inLanguage":"en-US"},{"@type":"Organization","@id":"https:\/\/interzero.si\/en\/#organization","name":"Interzero Slovenija","url":"https:\/\/interzero.si\/en\/","logo":{"@type":"ImageObject","inLanguage":"en-US","@id":"https:\/\/interzero.si\/en\/#\/schema\/logo\/image\/","url":"https:\/\/interzero.si\/wp-content\/uploads\/sites\/13\/2024\/10\/Interzero.png","contentUrl":"https:\/\/interzero.si\/wp-content\/uploads\/sites\/13\/2024\/10\/Interzero.png","width":1920,"height":1080,"caption":"Interzero Slovenija"},"image":{"@id":"https:\/\/interzero.si\/en\/#\/schema\/logo\/image\/"},"sameAs":["https:\/\/www.linkedin.com\/company\/interzero-slovenija"]}]}},"_links":{"self":[{"href":"https:\/\/interzero.si\/en\/wp-json\/wp\/v2\/pages\/7284","targetHints":{"allow":["GET"]}}],"collection":[{"href":"https:\/\/interzero.si\/en\/wp-json\/wp\/v2\/pages"}],"about":[{"href":"https:\/\/interzero.si\/en\/wp-json\/wp\/v2\/types\/page"}],"author":[{"embeddable":true,"href":"https:\/\/interzero.si\/en\/wp-json\/wp\/v2\/users\/84"}],"replies":[{"embeddable":true,"href":"https:\/\/interzero.si\/en\/wp-json\/wp\/v2\/comments?post=7284"}],"version-history":[{"count":70,"href":"https:\/\/interzero.si\/en\/wp-json\/wp\/v2\/pages\/7284\/revisions"}],"predecessor-version":[{"id":10955,"href":"https:\/\/interzero.si\/en\/wp-json\/wp\/v2\/pages\/7284\/revisions\/10955"}],"up":[{"embeddable":true,"href":"https:\/\/interzero.si\/en\/wp-json\/wp\/v2\/pages\/7359"}],"wp:featuredmedia":[{"embeddable":true,"href":"https:\/\/interzero.si\/en\/wp-json\/wp\/v2\/media\/6456"}],"wp:attachment":[{"href":"https:\/\/interzero.si\/en\/wp-json\/wp\/v2\/media?parent=7284"}],"wp:term":[{"taxonomy":"wf_page_folders","embeddable":true,"href":"https:\/\/interzero.si\/en\/wp-json\/wp\/v2\/wf_page_folders?post=7284"}],"curies":[{"name":"wp","href":"https:\/\/api.w.org\/{rel}","templated":true}]}}